{"id":9477,"date":"2021-01-26T18:09:08","date_gmt":"2021-01-26T18:09:08","guid":{"rendered":"http:\/\/mansmagicas.com\/?product=colgante-corazon-con-superduo-negro-materiales-y-tutorial"},"modified":"2021-05-01T11:08:14","modified_gmt":"2021-05-01T11:08:14","slug":"colgante-corazon-con-superduo-negro-materiales-y-tutorial","status":"publish","type":"product","link":"https:\/\/mansmagicas.com\/?product=colgante-corazon-con-superduo-negro-materiales-y-tutorial","title":{"rendered":"Colgante coraz\u00f3n con Superd\u00fao negro, MATERIALES Y TUTORIAL"},"content":{"rendered":"<p>Materiales para la realizaci\u00f3n de colgante en color negro mate<\/p>\n","protected":false},"excerpt":{"rendered":"<p>Materiales para la realizaci\u00f3n de esta pulsera con la cadena de cristales en color turquesa<\/p>\n<p>El precio incluye 1m de nylon 0,25mm<br \/>\n1tuppie cristal swarovski 4mm cristal ab 2x<br \/>\n15 abalorios 2368 plateados<br \/>\n1 anilla grande para colgar<br \/>\n2 grs de rocalla 11\/0 miyuki plateada<br \/>\n2 grs de rocalla 15\/0 miyuki plateada<br \/>\n2 grs superd\u00fao negro mate<br \/>\n1 aguja<br \/>\nTutorial en nuestro canal de youtube<\/p>\n<p>si te gusta en otros colores mira los productos relacionados a la derecha<\/p>\n","protected":false},"featured_media":0,"template":"","meta":{"_uag_custom_page_level_css":"","site-sidebar-layout":"default","site-content-layout":"","ast-site-content-layout":"default","site-content-style":"default","site-sidebar-style":"default","ast-global-header-display":"","ast-banner-title-visibility":"","ast-main-header-display":"","ast-hfb-above-header-display":"","ast-hfb-below-header-display":"","ast-hfb-mobile-header-display":"","site-post-title":"","ast-breadcrumbs-content":"","ast-featured-img":"","footer-sml-layout":"","ast-disable-related-posts":"","theme-transparent-header-meta":"","adv-header-id-meta":"","stick-header-meta":"","header-above-stick-meta":"","header-main-stick-meta":"","header-below-stick-meta":"","astra-migrate-meta-layouts":"default","ast-page-background-enabled":"default","ast-page-background-meta":{"desktop":{"background-color":"","background-image":"","background-repeat":"repeat","background-position":"center center","background-size":"auto","background-attachment":"scroll","background-type":"","background-media":"","overlay-type":"","overlay-color":"","overlay-opacity":"","overlay-gradient":""},"tablet":{"background-color":"","background-image":"","background-repeat":"repeat","background-position":"center center","background-size":"auto","background-attachment":"scroll","background-type":"","background-media":"","overlay-type":"","overlay-color":"","overlay-opacity":"","overlay-gradient":""},"mobile":{"background-color":"","background-image":"","background-repeat":"repeat","background-position":"center center","background-size":"auto","background-attachment":"scroll","background-type":"","background-media":"","overlay-type":"","overlay-color":"","overlay-opacity":"","overlay-gradient":""}},"ast-content-background-meta":{"desktop":{"background-color":"var(--ast-global-color-5)","background-image":"","background-repeat":"repeat","background-position":"center center","background-size":"auto","background-attachment":"scroll","background-type":"","background-media":"","overlay-type":"","overlay-color":"","overlay-opacity":"","overlay-gradient":""},"tablet":{"background-color":"var(--ast-global-color-5)","background-image":"","background-repeat":"repeat","background-position":"center center","background-size":"auto","background-attachment":"scroll","background-type":"","background-media":"","overlay-type":"","overlay-color":"","overlay-opacity":"","overlay-gradient":""},"mobile":{"background-color":"var(--ast-global-color-5)","background-image":"","background-repeat":"repeat","background-position":"center center","background-size":"auto","background-attachment":"scroll","background-type":"","background-media":"","overlay-type":"","overlay-color":"","overlay-opacity":"","overlay-gradient":""}}},"product_brand":[],"product_cat":[190,194,598,257],"product_tag":[],"class_list":{"0":"post-9477","1":"product","2":"type-product","3":"status-publish","5":"product_cat-abalorios","6":"product_cat-rocallas","7":"product_cat-japonesas","8":"product_cat-detalles-celebraciones","9":"desktop-align-left","10":"tablet-align-left","11":"mobile-align-left","13":"first","14":"instock","15":"taxable","16":"shipping-taxable","17":"purchasable","18":"product-type-simple"},"uagb_featured_image_src":{"full":false,"thumbnail":false,"medium":false,"medium_large":false,"large":false,"1536x1536":false,"2048x2048":false,"woocommerce_thumbnail":false,"woocommerce_single":false,"woocommerce_gallery_thumbnail":false,"variation_swatches_image_size":false,"variation_swatches_tooltip_size":false,"dgwt-wcas-product-suggestion":false},"uagb_author_info":{"display_name":"jajb1994@hotmail.com","author_link":"https:\/\/mansmagicas.com\/?author=0"},"uagb_comment_info":0,"uagb_excerpt":"Materiales para la realizaci\u00f3n de esta pulsera con la cadena de cristales en color turquesa El precio incluye 1m de nylon 0,25mm 1tuppie cristal swarovski 4mm cristal ab 2x 15 abalorios 2368 plateados 1 anilla grande para colgar 2 grs de rocalla 11\/0 miyuki plateada 2 grs de rocalla 15\/0 miyuki plateada 2 grs superd\u00fao&hellip;","tiered_pricing_type":"fixed","tiered_pricing_fixed_rules":[],"tiered_pricing_product_settings":{"layout":"default","base_unit_name":{"singular":null,"plural":null},"default_variation":null},"tiered_pricing_minimum_quantity":null,"tiered_pricing_roles_data":[],"tiered_pricing_percentage_rules":[],"_links":{"self":[{"href":"https:\/\/mansmagicas.com\/index.php?rest_route=\/wp\/v2\/product\/9477","targetHints":{"allow":["GET"]}}],"collection":[{"href":"https:\/\/mansmagicas.com\/index.php?rest_route=\/wp\/v2\/product"}],"about":[{"href":"https:\/\/mansmagicas.com\/index.php?rest_route=\/wp\/v2\/types\/product"}],"wp:attachment":[{"href":"https:\/\/mansmagicas.com\/index.php?rest_route=%2Fwp%2Fv2%2Fmedia&parent=9477"}],"wp:term":[{"taxonomy":"product_brand","embeddable":true,"href":"https:\/\/mansmagicas.com\/index.php?rest_route=%2Fwp%2Fv2%2Fproduct_brand&post=9477"},{"taxonomy":"product_cat","embeddable":true,"href":"https:\/\/mansmagicas.com\/index.php?rest_route=%2Fwp%2Fv2%2Fproduct_cat&post=9477"},{"taxonomy":"product_tag","embeddable":true,"href":"https:\/\/mansmagicas.com\/index.php?rest_route=%2Fwp%2Fv2%2Fproduct_tag&post=9477"}],"curies":[{"name":"wp","href":"https:\/\/api.w.org\/{rel}","templated":true}]}}