{"id":9286,"date":"2021-01-26T18:08:42","date_gmt":"2021-01-26T18:08:42","guid":{"rendered":"http:\/\/mansmagicas.com\/?product=pasador-ninos-para-10mm-en-zamak-plata-1u"},"modified":"2025-06-25T16:13:26","modified_gmt":"2025-06-25T16:13:26","slug":"pasador-ninos-para-10mm-en-zamak-plata-1u","status":"publish","type":"product","link":"https:\/\/mansmagicas.com\/?product=pasador-ninos-para-10mm-en-zamak-plata-1u","title":{"rendered":"Pasador ni\u00f1os para 10mm en zamak plata (1u)"},"content":{"rendered":"<p>Pasador con pase para cuero plano de 10mm con pareja de ni\u00f1os en zamak ba\u00f1o de plata<\/p>\n","protected":false},"excerpt":{"rendered":"<p>Pasador con pase para cuero plano de 10mm con pareja de ni\u00f1os en zamak ba\u00f1o de plata<\/p>\n<p>19mm de di\u00e1metro pase de 10&#215;2.5mm<\/p>\n","protected":false},"featured_media":12801,"template":"","meta":{"_uag_custom_page_level_css":"","site-sidebar-layout":"default","site-content-layout":"default","ast-site-content-layout":"default","site-content-style":"default","site-sidebar-style":"default","ast-global-header-display":"","ast-banner-title-visibility":"","ast-main-header-display":"","ast-hfb-above-header-display":"","ast-hfb-below-header-display":"","ast-hfb-mobile-header-display":"","site-post-title":"","ast-breadcrumbs-content":"","ast-featured-img":"","footer-sml-layout":"","ast-disable-related-posts":"","theme-transparent-header-meta":"default","adv-header-id-meta":"","stick-header-meta":"","header-above-stick-meta":"","header-main-stick-meta":"","header-below-stick-meta":"","astra-migrate-meta-layouts":"default","ast-page-background-enabled":"default","ast-page-background-meta":{"desktop":{"background-color":"","background-image":"","background-repeat":"repeat","background-position":"center center","background-size":"auto","background-attachment":"scroll","background-type":"","background-media":"","overlay-type":"","overlay-color":"","overlay-opacity":"","overlay-gradient":""},"tablet":{"background-color":"","background-image":"","background-repeat":"repeat","background-position":"center center","background-size":"auto","background-attachment":"scroll","background-type":"","background-media":"","overlay-type":"","overlay-color":"","overlay-opacity":"","overlay-gradient":""},"mobile":{"background-color":"","background-image":"","background-repeat":"repeat","background-position":"center center","background-size":"auto","background-attachment":"scroll","background-type":"","background-media":"","overlay-type":"","overlay-color":"","overlay-opacity":"","overlay-gradient":""}},"ast-content-background-meta":{"desktop":{"background-color":"var(--ast-global-color-5)","background-image":"","background-repeat":"repeat","background-position":"center center","background-size":"auto","background-attachment":"scroll","background-type":"","background-media":"","overlay-type":"","overlay-color":"","overlay-opacity":"","overlay-gradient":""},"tablet":{"background-color":"var(--ast-global-color-5)","background-image":"","background-repeat":"repeat","background-position":"center center","background-size":"auto","background-attachment":"scroll","background-type":"","background-media":"","overlay-type":"","overlay-color":"","overlay-opacity":"","overlay-gradient":""},"mobile":{"background-color":"var(--ast-global-color-5)","background-image":"","background-repeat":"repeat","background-position":"center center","background-size":"auto","background-attachment":"scroll","background-type":"","background-media":"","overlay-type":"","overlay-color":"","overlay-opacity":"","overlay-gradient":""}}},"product_brand":[],"product_cat":[190,198,579],"product_tag":[],"class_list":{"0":"post-9286","1":"product","2":"type-product","3":"status-publish","4":"has-post-thumbnail","6":"product_cat-abalorios","7":"product_cat-metal","8":"product_cat-pasadores","9":"desktop-align-left","10":"tablet-align-left","11":"mobile-align-left","13":"first","14":"instock","15":"featured","16":"taxable","17":"shipping-taxable","18":"purchasable","19":"product-type-simple"},"uagb_featured_image_src":{"full":["https:\/\/mansmagicas.com\/wp-content\/uploads\/2021\/01\/pasador-ninos-10mm.jpg",600,600,false],"thumbnail":["https:\/\/mansmagicas.com\/wp-content\/uploads\/2021\/01\/pasador-ninos-10mm-150x150.jpg",150,150,true],"medium":["https:\/\/mansmagicas.com\/wp-content\/uploads\/2021\/01\/pasador-ninos-10mm-300x300.jpg",300,300,true],"medium_large":["https:\/\/mansmagicas.com\/wp-content\/uploads\/2021\/01\/pasador-ninos-10mm.jpg",600,600,false],"large":["https:\/\/mansmagicas.com\/wp-content\/uploads\/2021\/01\/pasador-ninos-10mm.jpg",600,600,false],"1536x1536":["https:\/\/mansmagicas.com\/wp-content\/uploads\/2021\/01\/pasador-ninos-10mm.jpg",600,600,false],"2048x2048":["https:\/\/mansmagicas.com\/wp-content\/uploads\/2021\/01\/pasador-ninos-10mm.jpg",600,600,false],"woocommerce_thumbnail":["https:\/\/mansmagicas.com\/wp-content\/uploads\/2021\/01\/pasador-ninos-10mm-300x300.jpg",300,300,true],"woocommerce_single":["https:\/\/mansmagicas.com\/wp-content\/uploads\/2021\/01\/pasador-ninos-10mm.jpg",600,600,false],"woocommerce_gallery_thumbnail":["https:\/\/mansmagicas.com\/wp-content\/uploads\/2021\/01\/pasador-ninos-10mm-100x100.jpg",100,100,true],"variation_swatches_image_size":["https:\/\/mansmagicas.com\/wp-content\/uploads\/2021\/01\/pasador-ninos-10mm.jpg",50,50,false],"variation_swatches_tooltip_size":["https:\/\/mansmagicas.com\/wp-content\/uploads\/2021\/01\/pasador-ninos-10mm.jpg",100,100,false],"dgwt-wcas-product-suggestion":["https:\/\/mansmagicas.com\/wp-content\/uploads\/2021\/01\/pasador-ninos-10mm.jpg",64,64,false]},"uagb_author_info":{"display_name":"jajb1994@hotmail.com","author_link":"https:\/\/mansmagicas.com\/?author=0"},"uagb_comment_info":0,"uagb_excerpt":"Pasador con pase para cuero plano de 10mm con pareja de ni\u00f1os en zamak ba\u00f1o de plata 19mm de di\u00e1metro pase de 10x2.5mm","tiered_pricing_type":"fixed","tiered_pricing_fixed_rules":[],"tiered_pricing_product_settings":{"layout":"default","base_unit_name":{"singular":null,"plural":null},"default_variation":null},"tiered_pricing_minimum_quantity":null,"tiered_pricing_roles_data":[],"tiered_pricing_percentage_rules":[],"_links":{"self":[{"href":"https:\/\/mansmagicas.com\/index.php?rest_route=\/wp\/v2\/product\/9286","targetHints":{"allow":["GET"]}}],"collection":[{"href":"https:\/\/mansmagicas.com\/index.php?rest_route=\/wp\/v2\/product"}],"about":[{"href":"https:\/\/mansmagicas.com\/index.php?rest_route=\/wp\/v2\/types\/product"}],"wp:featuredmedia":[{"embeddable":true,"href":"https:\/\/mansmagicas.com\/index.php?rest_route=\/wp\/v2\/media\/12801"}],"wp:attachment":[{"href":"https:\/\/mansmagicas.com\/index.php?rest_route=%2Fwp%2Fv2%2Fmedia&parent=9286"}],"wp:term":[{"taxonomy":"product_brand","embeddable":true,"href":"https:\/\/mansmagicas.com\/index.php?rest_route=%2Fwp%2Fv2%2Fproduct_brand&post=9286"},{"taxonomy":"product_cat","embeddable":true,"href":"https:\/\/mansmagicas.com\/index.php?rest_route=%2Fwp%2Fv2%2Fproduct_cat&post=9286"},{"taxonomy":"product_tag","embeddable":true,"href":"https:\/\/mansmagicas.com\/index.php?rest_route=%2Fwp%2Fv2%2Fproduct_tag&post=9286"}],"curies":[{"name":"wp","href":"https:\/\/api.w.org\/{rel}","templated":true}]}}