{"id":8341,"date":"2021-01-26T18:06:38","date_gmt":"2021-01-26T18:06:38","guid":{"rendered":"http:\/\/mansmagicas.com\/?product=cola-de-raton-25mm-de-grosor-1-metro-amarillo-fluo"},"modified":"2025-11-21T19:08:45","modified_gmt":"2025-11-21T19:08:45","slug":"cola-de-raton-25mm-de-grosor-1-metro-amarillo-fluo","status":"publish","type":"product","link":"https:\/\/mansmagicas.com\/?product=cola-de-raton-25mm-de-grosor-1-metro-amarillo-fluo","title":{"rendered":"Cola de rat\u00f3n 2,5mm de grosor (1 metro)  amarillo fl\u00fao"},"content":{"rendered":"<p>1 metro de cola de rat\u00f3n de 2,5mm de grosor<\/p>\n","protected":false},"excerpt":{"rendered":"<p>1 metro de cola de rat\u00f3n de 2,5mm de grosor, color amarillo fl\u00fao.<\/p>\n","protected":false},"featured_media":16369,"template":"","meta":{"_uag_custom_page_level_css":"","site-sidebar-layout":"default","site-content-layout":"default","ast-site-content-layout":"default","site-content-style":"default","site-sidebar-style":"default","ast-global-header-display":"","ast-banner-title-visibility":"","ast-main-header-display":"","ast-hfb-above-header-display":"","ast-hfb-below-header-display":"","ast-hfb-mobile-header-display":"","site-post-title":"","ast-breadcrumbs-content":"","ast-featured-img":"","footer-sml-layout":"","ast-disable-related-posts":"","theme-transparent-header-meta":"default","adv-header-id-meta":"","stick-header-meta":"","header-above-stick-meta":"","header-main-stick-meta":"","header-below-stick-meta":"","astra-migrate-meta-layouts":"default","ast-page-background-enabled":"default","ast-page-background-meta":{"desktop":{"background-color":"","background-image":"","background-repeat":"repeat","background-position":"center center","background-size":"auto","background-attachment":"scroll","background-type":"","background-media":"","overlay-type":"","overlay-color":"","overlay-opacity":"","overlay-gradient":""},"tablet":{"background-color":"","background-image":"","background-repeat":"repeat","background-position":"center center","background-size":"auto","background-attachment":"scroll","background-type":"","background-media":"","overlay-type":"","overlay-color":"","overlay-opacity":"","overlay-gradient":""},"mobile":{"background-color":"","background-image":"","background-repeat":"repeat","background-position":"center center","background-size":"auto","background-attachment":"scroll","background-type":"","background-media":"","overlay-type":"","overlay-color":"","overlay-opacity":"","overlay-gradient":""}},"ast-content-background-meta":{"desktop":{"background-color":"var(--ast-global-color-5)","background-image":"","background-repeat":"repeat","background-position":"center center","background-size":"auto","background-attachment":"scroll","background-type":"","background-media":"","overlay-type":"","overlay-color":"","overlay-opacity":"","overlay-gradient":""},"tablet":{"background-color":"var(--ast-global-color-5)","background-image":"","background-repeat":"repeat","background-position":"center center","background-size":"auto","background-attachment":"scroll","background-type":"","background-media":"","overlay-type":"","overlay-color":"","overlay-opacity":"","overlay-gradient":""},"mobile":{"background-color":"var(--ast-global-color-5)","background-image":"","background-repeat":"repeat","background-position":"center center","background-size":"auto","background-attachment":"scroll","background-type":"","background-media":"","overlay-type":"","overlay-color":"","overlay-opacity":"","overlay-gradient":""}}},"product_brand":[],"product_cat":[224,232],"product_tag":[],"class_list":{"0":"post-8341","1":"product","2":"type-product","3":"status-publish","4":"has-post-thumbnail","6":"product_cat-hilos-y-cordones","7":"product_cat-cola-de-raton","8":"desktop-align-left","9":"tablet-align-left","10":"mobile-align-left","12":"first","13":"instock","14":"taxable","15":"shipping-taxable","16":"purchasable","17":"product-type-simple"},"uagb_featured_image_src":{"full":["https:\/\/mansmagicas.com\/wp-content\/uploads\/2021\/01\/Cola-de-raton-25mm-de-grosor-amarillo-fluo.jpg",576,804,false],"thumbnail":["https:\/\/mansmagicas.com\/wp-content\/uploads\/2021\/01\/Cola-de-raton-25mm-de-grosor-amarillo-fluo-150x150.jpg",150,150,true],"medium":["https:\/\/mansmagicas.com\/wp-content\/uploads\/2021\/01\/Cola-de-raton-25mm-de-grosor-amarillo-fluo-215x300.jpg",215,300,true],"medium_large":["https:\/\/mansmagicas.com\/wp-content\/uploads\/2021\/01\/Cola-de-raton-25mm-de-grosor-amarillo-fluo.jpg",576,804,false],"large":["https:\/\/mansmagicas.com\/wp-content\/uploads\/2021\/01\/Cola-de-raton-25mm-de-grosor-amarillo-fluo.jpg",576,804,false],"1536x1536":["https:\/\/mansmagicas.com\/wp-content\/uploads\/2021\/01\/Cola-de-raton-25mm-de-grosor-amarillo-fluo.jpg",576,804,false],"2048x2048":["https:\/\/mansmagicas.com\/wp-content\/uploads\/2021\/01\/Cola-de-raton-25mm-de-grosor-amarillo-fluo.jpg",576,804,false],"woocommerce_thumbnail":["https:\/\/mansmagicas.com\/wp-content\/uploads\/2021\/01\/Cola-de-raton-25mm-de-grosor-amarillo-fluo-300x300.jpg",300,300,true],"woocommerce_single":["https:\/\/mansmagicas.com\/wp-content\/uploads\/2021\/01\/Cola-de-raton-25mm-de-grosor-amarillo-fluo.jpg",576,804,false],"woocommerce_gallery_thumbnail":["https:\/\/mansmagicas.com\/wp-content\/uploads\/2021\/01\/Cola-de-raton-25mm-de-grosor-amarillo-fluo-100x100.jpg",100,100,true],"variation_swatches_image_size":["https:\/\/mansmagicas.com\/wp-content\/uploads\/2021\/01\/Cola-de-raton-25mm-de-grosor-amarillo-fluo.jpg",36,50,false],"variation_swatches_tooltip_size":["https:\/\/mansmagicas.com\/wp-content\/uploads\/2021\/01\/Cola-de-raton-25mm-de-grosor-amarillo-fluo.jpg",72,100,false],"dgwt-wcas-product-suggestion":["https:\/\/mansmagicas.com\/wp-content\/uploads\/2021\/01\/Cola-de-raton-25mm-de-grosor-amarillo-fluo-64x89.jpg",64,89,true]},"uagb_author_info":{"display_name":"jajb1994@hotmail.com","author_link":"https:\/\/mansmagicas.com\/?author=0"},"uagb_comment_info":0,"uagb_excerpt":"1 metro de cola de rat\u00f3n de 2,5mm de grosor, color amarillo fl\u00fao.","tiered_pricing_type":"fixed","tiered_pricing_fixed_rules":{"5":0.15},"tiered_pricing_product_settings":{"layout":"default","base_unit_name":{"singular":null,"plural":null},"default_variation":null},"tiered_pricing_minimum_quantity":null,"tiered_pricing_roles_data":[],"tiered_pricing_percentage_rules":[],"_links":{"self":[{"href":"https:\/\/mansmagicas.com\/index.php?rest_route=\/wp\/v2\/product\/8341","targetHints":{"allow":["GET"]}}],"collection":[{"href":"https:\/\/mansmagicas.com\/index.php?rest_route=\/wp\/v2\/product"}],"about":[{"href":"https:\/\/mansmagicas.com\/index.php?rest_route=\/wp\/v2\/types\/product"}],"wp:featuredmedia":[{"embeddable":true,"href":"https:\/\/mansmagicas.com\/index.php?rest_route=\/wp\/v2\/media\/16369"}],"wp:attachment":[{"href":"https:\/\/mansmagicas.com\/index.php?rest_route=%2Fwp%2Fv2%2Fmedia&parent=8341"}],"wp:term":[{"taxonomy":"product_brand","embeddable":true,"href":"https:\/\/mansmagicas.com\/index.php?rest_route=%2Fwp%2Fv2%2Fproduct_brand&post=8341"},{"taxonomy":"product_cat","embeddable":true,"href":"https:\/\/mansmagicas.com\/index.php?rest_route=%2Fwp%2Fv2%2Fproduct_cat&post=8341"},{"taxonomy":"product_tag","embeddable":true,"href":"https:\/\/mansmagicas.com\/index.php?rest_route=%2Fwp%2Fv2%2Fproduct_tag&post=8341"}],"curies":[{"name":"wp","href":"https:\/\/api.w.org\/{rel}","templated":true}]}}