{"id":6784,"date":"2021-01-26T18:03:09","date_gmt":"2021-01-26T18:03:09","guid":{"rendered":"http:\/\/mansmagicas.com\/?product=terminal-semitubo-anilla-25x4mm-de-calidad-superior-oro_viejo"},"modified":"2023-03-21T19:24:06","modified_gmt":"2023-03-21T19:24:06","slug":"terminal-semitubo-anilla-25x4mm-de-calidad-superior-oro_viejo","status":"publish","type":"product","link":"https:\/\/mansmagicas.com\/?product=terminal-semitubo-anilla-25x4mm-de-calidad-superior-oro_viejo","title":{"rendered":"Terminal semitubo anilla 2,5x4mm de Calidad superior varios colores (10 u)"},"content":{"rendered":"<p>Terminal semitubo anilla 2,5x4mm de Calidad superior<\/p>\n<p>Es el m\u00e1s adecuado para cordones entre 1,5 y 2mm<\/p>\n","protected":false},"excerpt":{"rendered":"<p>Sirven para unir el hilo o cord\u00f3n con una anilla, el semitubo tiene la ventaja de que nos permite ajustar su medida por lo cual podemos variar el cord\u00f3n sin problemas.<br \/>\nSiempre es conveniente usar el m\u00e1s aproximado para no tener que deformarlo demasiado<\/p>\n<p>Se vende en bolsas de 10 unidades<\/p>\n","protected":false},"featured_media":18881,"template":"","meta":{"_uag_custom_page_level_css":"","site-sidebar-layout":"default","site-content-layout":"default","ast-site-content-layout":"default","site-content-style":"default","site-sidebar-style":"default","ast-global-header-display":"","ast-banner-title-visibility":"","ast-main-header-display":"","ast-hfb-above-header-display":"","ast-hfb-below-header-display":"","ast-hfb-mobile-header-display":"","site-post-title":"","ast-breadcrumbs-content":"","ast-featured-img":"","footer-sml-layout":"","ast-disable-related-posts":"","theme-transparent-header-meta":"default","adv-header-id-meta":"","stick-header-meta":"","header-above-stick-meta":"","header-main-stick-meta":"","header-below-stick-meta":"","astra-migrate-meta-layouts":"default","ast-page-background-enabled":"default","ast-page-background-meta":{"desktop":{"background-color":"","background-image":"","background-repeat":"repeat","background-position":"center center","background-size":"auto","background-attachment":"scroll","background-type":"","background-media":"","overlay-type":"","overlay-color":"","overlay-opacity":"","overlay-gradient":""},"tablet":{"background-color":"","background-image":"","background-repeat":"repeat","background-position":"center center","background-size":"auto","background-attachment":"scroll","background-type":"","background-media":"","overlay-type":"","overlay-color":"","overlay-opacity":"","overlay-gradient":""},"mobile":{"background-color":"","background-image":"","background-repeat":"repeat","background-position":"center center","background-size":"auto","background-attachment":"scroll","background-type":"","background-media":"","overlay-type":"","overlay-color":"","overlay-opacity":"","overlay-gradient":""}},"ast-content-background-meta":{"desktop":{"background-color":"var(--ast-global-color-5)","background-image":"","background-repeat":"repeat","background-position":"center center","background-size":"auto","background-attachment":"scroll","background-type":"","background-media":"","overlay-type":"","overlay-color":"","overlay-opacity":"","overlay-gradient":""},"tablet":{"background-color":"var(--ast-global-color-5)","background-image":"","background-repeat":"repeat","background-position":"center center","background-size":"auto","background-attachment":"scroll","background-type":"","background-media":"","overlay-type":"","overlay-color":"","overlay-opacity":"","overlay-gradient":""},"mobile":{"background-color":"var(--ast-global-color-5)","background-image":"","background-repeat":"repeat","background-position":"center center","background-size":"auto","background-attachment":"scroll","background-type":"","background-media":"","overlay-type":"","overlay-color":"","overlay-opacity":"","overlay-gradient":""}}},"product_brand":[],"product_cat":[206,209],"product_tag":[],"class_list":{"0":"post-6784","1":"product","2":"type-product","3":"status-publish","4":"has-post-thumbnail","6":"product_cat-fornituras","7":"product_cat-terminales","8":"desktop-align-left","9":"tablet-align-left","10":"mobile-align-left","12":"first","13":"instock","14":"taxable","15":"shipping-taxable","16":"purchasable","17":"product-type-variable"},"uagb_featured_image_src":{"full":["https:\/\/mansmagicas.com\/wp-content\/uploads\/2021\/01\/terminal25-generico.jpg",600,600,false],"thumbnail":["https:\/\/mansmagicas.com\/wp-content\/uploads\/2021\/01\/terminal25-generico-150x150.jpg",150,150,true],"medium":["https:\/\/mansmagicas.com\/wp-content\/uploads\/2021\/01\/terminal25-generico-300x300.jpg",300,300,true],"medium_large":["https:\/\/mansmagicas.com\/wp-content\/uploads\/2021\/01\/terminal25-generico.jpg",600,600,false],"large":["https:\/\/mansmagicas.com\/wp-content\/uploads\/2021\/01\/terminal25-generico.jpg",600,600,false],"1536x1536":["https:\/\/mansmagicas.com\/wp-content\/uploads\/2021\/01\/terminal25-generico.jpg",600,600,false],"2048x2048":["https:\/\/mansmagicas.com\/wp-content\/uploads\/2021\/01\/terminal25-generico.jpg",600,600,false],"woocommerce_thumbnail":["https:\/\/mansmagicas.com\/wp-content\/uploads\/2021\/01\/terminal25-generico-300x300.jpg",300,300,true],"woocommerce_single":["https:\/\/mansmagicas.com\/wp-content\/uploads\/2021\/01\/terminal25-generico.jpg",600,600,false],"woocommerce_gallery_thumbnail":["https:\/\/mansmagicas.com\/wp-content\/uploads\/2021\/01\/terminal25-generico-100x100.jpg",100,100,true],"variation_swatches_image_size":["https:\/\/mansmagicas.com\/wp-content\/uploads\/2021\/01\/terminal25-generico.jpg",50,50,false],"variation_swatches_tooltip_size":["https:\/\/mansmagicas.com\/wp-content\/uploads\/2021\/01\/terminal25-generico.jpg",100,100,false],"dgwt-wcas-product-suggestion":["https:\/\/mansmagicas.com\/wp-content\/uploads\/2021\/01\/terminal25-generico-64x64.jpg",64,64,true]},"uagb_author_info":{"display_name":"jajb1994@hotmail.com","author_link":"https:\/\/mansmagicas.com\/?author=0"},"uagb_comment_info":0,"uagb_excerpt":"Sirven para unir el hilo o cord\u00f3n con una anilla, el semitubo tiene la ventaja de que nos permite ajustar su medida por lo cual podemos variar el cord\u00f3n sin problemas. Siempre es conveniente usar el m\u00e1s aproximado para no tener que deformarlo demasiado Se vende en bolsas de 10 unidades","tiered_pricing_type":"fixed","tiered_pricing_fixed_rules":[],"tiered_pricing_product_settings":{"layout":"default","base_unit_name":{"singular":null,"plural":null},"default_variation":null},"tiered_pricing_minimum_quantity":null,"tiered_pricing_roles_data":[],"tiered_pricing_percentage_rules":[],"_links":{"self":[{"href":"https:\/\/mansmagicas.com\/index.php?rest_route=\/wp\/v2\/product\/6784","targetHints":{"allow":["GET"]}}],"collection":[{"href":"https:\/\/mansmagicas.com\/index.php?rest_route=\/wp\/v2\/product"}],"about":[{"href":"https:\/\/mansmagicas.com\/index.php?rest_route=\/wp\/v2\/types\/product"}],"wp:featuredmedia":[{"embeddable":true,"href":"https:\/\/mansmagicas.com\/index.php?rest_route=\/wp\/v2\/media\/18881"}],"wp:attachment":[{"href":"https:\/\/mansmagicas.com\/index.php?rest_route=%2Fwp%2Fv2%2Fmedia&parent=6784"}],"wp:term":[{"taxonomy":"product_brand","embeddable":true,"href":"https:\/\/mansmagicas.com\/index.php?rest_route=%2Fwp%2Fv2%2Fproduct_brand&post=6784"},{"taxonomy":"product_cat","embeddable":true,"href":"https:\/\/mansmagicas.com\/index.php?rest_route=%2Fwp%2Fv2%2Fproduct_cat&post=6784"},{"taxonomy":"product_tag","embeddable":true,"href":"https:\/\/mansmagicas.com\/index.php?rest_route=%2Fwp%2Fv2%2Fproduct_tag&post=6784"}],"curies":[{"name":"wp","href":"https:\/\/api.w.org\/{rel}","templated":true}]}}