{"id":10752,"date":"2021-01-26T18:12:47","date_gmt":"2021-01-26T18:12:47","guid":{"rendered":"http:\/\/mansmagicas.com\/?product=tecnica-peyote-delica-y-treasures-rojo-mate"},"modified":"2025-12-10T12:04:50","modified_gmt":"2025-12-10T12:04:50","slug":"tecnica-peyote-delica-y-treasures-rojo-mate","status":"publish","type":"product","link":"https:\/\/mansmagicas.com\/?product=tecnica-peyote-delica-y-treasures-rojo-mate","title":{"rendered":"T\u00e9cnica peyote Miyuki Delica y Toho Treasures  11\/0 (5grs)"},"content":{"rendered":"<p>Rocallas 11\/0 ideales para la confecci\u00f3n usando la t\u00e9cnica peyote.<\/p>\n<p>Se pueden usar las dos marcas indistintamente, lo que nos permite tener mayor variedad de colores<\/p>\n","protected":false},"excerpt":{"rendered":"<p>Rocallas 11\/0 ideales para la confecci\u00f3n usando la t\u00e9cnica peyote. Trabajamos dos marcas Miyuki y Toho. Tejidos perfectos , cada rocalla es exactamente id\u00e9ntica a la otra.Se venden en envases de 5grs. Los colores pueden sufrir peque\u00f1as variaciones teniendo en cuenta las configuraciones de las diferentes pantallas<\/p>\n","protected":false},"featured_media":17416,"template":"","meta":{"_uag_custom_page_level_css":"","site-sidebar-layout":"default","site-content-layout":"default","ast-site-content-layout":"default","site-content-style":"default","site-sidebar-style":"default","ast-global-header-display":"","ast-banner-title-visibility":"","ast-main-header-display":"","ast-hfb-above-header-display":"","ast-hfb-below-header-display":"","ast-hfb-mobile-header-display":"","site-post-title":"","ast-breadcrumbs-content":"","ast-featured-img":"","footer-sml-layout":"","ast-disable-related-posts":"","theme-transparent-header-meta":"default","adv-header-id-meta":"","stick-header-meta":"","header-above-stick-meta":"","header-main-stick-meta":"","header-below-stick-meta":"","astra-migrate-meta-layouts":"set","ast-page-background-enabled":"default","ast-page-background-meta":{"desktop":{"background-color":"","background-image":"","background-repeat":"repeat","background-position":"center center","background-size":"auto","background-attachment":"scroll","background-type":"","background-media":"","overlay-type":"","overlay-color":"","overlay-opacity":"","overlay-gradient":""},"tablet":{"background-color":"","background-image":"","background-repeat":"repeat","background-position":"center center","background-size":"auto","background-attachment":"scroll","background-type":"","background-media":"","overlay-type":"","overlay-color":"","overlay-opacity":"","overlay-gradient":""},"mobile":{"background-color":"","background-image":"","background-repeat":"repeat","background-position":"center center","background-size":"auto","background-attachment":"scroll","background-type":"","background-media":"","overlay-type":"","overlay-color":"","overlay-opacity":"","overlay-gradient":""}},"ast-content-background-meta":{"desktop":{"background-color":"var(--ast-global-color-5)","background-image":"","background-repeat":"repeat","background-position":"center center","background-size":"auto","background-attachment":"scroll","background-type":"","background-media":"","overlay-type":"","overlay-color":"","overlay-opacity":"","overlay-gradient":""},"tablet":{"background-color":"var(--ast-global-color-5)","background-image":"","background-repeat":"repeat","background-position":"center center","background-size":"auto","background-attachment":"scroll","background-type":"","background-media":"","overlay-type":"","overlay-color":"","overlay-opacity":"","overlay-gradient":""},"mobile":{"background-color":"var(--ast-global-color-5)","background-image":"","background-repeat":"repeat","background-position":"center center","background-size":"auto","background-attachment":"scroll","background-type":"","background-media":"","overlay-type":"","overlay-color":"","overlay-opacity":"","overlay-gradient":""}}},"product_brand":[],"product_cat":[190,194,598],"product_tag":[],"class_list":{"0":"post-10752","1":"product","2":"type-product","3":"status-publish","4":"has-post-thumbnail","6":"product_cat-abalorios","7":"product_cat-rocallas","8":"product_cat-japonesas","9":"pa_rocallas-beige-mate","10":"pa_rocallas-negro-mate","11":"pa_rocallas-negro-glaseado","12":"pa_rocallas-gris-acero-glaseado","13":"pa_rocallas-gris-glaseado-metal","14":"pa_rocallas-amatista-traslucido","15":"pa_rocallas-amatista-silverline","16":"pa_rocallas-lavanda-silverline","17":"pa_rocallas-violeta-mate-claro","18":"pa_rocallas-violeta-silverline","19":"pa_rocallas-lila-mate","20":"pa_rocallas-naranja-mate","21":"pa_rocallas-naranja-silverline","22":"pa_rocallas-naranja-glass","23":"pa_rocallas-rojo-mate","24":"pa_rocallas-rojo-traslucido","25":"pa_rocallas-rojo-silverline","26":"pa_rocallas-rojo-julietto","27":"pa_rocallas-rosa-palo-mate","28":"pa_rocallas-rosa-perlado","29":"pa_rocallas-agua-cristal","30":"pa_rocallas-celeste-traslucido-ab","31":"pa_rocallas-light-zafiro-perlado","32":"pa_rocallas-zafiro-mate","33":"pa_rocallas-zafiro-perlado","34":"pa_rocallas-zafiro-silverline","35":"pa_rocallas-azul-metalizado","36":"pa_rocallas-turquesa-mate","37":"pa_rocallas-blue-zircon-silverline","38":"pa_rocallas-verde-mate","39":"pa_rocallas-verde-silverline","40":"pa_rocallas-verde-oscuro-mate","41":"pa_rocallas-verde-oliva-silverline","42":"pa_rocallas-verde-militar-glass","43":"pa_rocallas-kaqui","44":"pa_rocallas-cristal","45":"pa_rocallas-cristal-silverline","46":"pa_rocallas-blanco-mate","47":"pa_rocallas-amarillo-mate","48":"pa_rocallas-oro-galvanizado","49":"pa_rocallas-oro-silverline","50":"pa_rocallas-oro-viejo-glass","51":"pa_rocallas-bronce-metalizado","52":"pa_rocallas-platino","53":"pa_rocallas-beige-perlado","54":"pa_rocallas-beige-tostado-mate","55":"pa_rocallas-smoke-topaz-traslucido","56":"pa_rocallas-hematite","57":"pa_rocallas-magenta-cristal","58":"desktop-align-left","59":"tablet-align-left","60":"mobile-align-left","62":"first","63":"instock","64":"taxable","65":"shipping-taxable","66":"purchasable","67":"product-type-variable"},"uagb_featured_image_src":{"full":["https:\/\/mansmagicas.com\/wp-content\/uploads\/2021\/01\/delica-generico.jpg",800,807,false],"thumbnail":["https:\/\/mansmagicas.com\/wp-content\/uploads\/2021\/01\/delica-generico-150x150.jpg",150,150,true],"medium":["https:\/\/mansmagicas.com\/wp-content\/uploads\/2021\/01\/delica-generico-297x300.jpg",297,300,true],"medium_large":["https:\/\/mansmagicas.com\/wp-content\/uploads\/2021\/01\/delica-generico-768x775.jpg",768,775,true],"large":["https:\/\/mansmagicas.com\/wp-content\/uploads\/2021\/01\/delica-generico.jpg",800,807,false],"1536x1536":["https:\/\/mansmagicas.com\/wp-content\/uploads\/2021\/01\/delica-generico.jpg",800,807,false],"2048x2048":["https:\/\/mansmagicas.com\/wp-content\/uploads\/2021\/01\/delica-generico.jpg",800,807,false],"woocommerce_thumbnail":["https:\/\/mansmagicas.com\/wp-content\/uploads\/2021\/01\/delica-generico-300x300.jpg",300,300,true],"woocommerce_single":["https:\/\/mansmagicas.com\/wp-content\/uploads\/2021\/01\/delica-generico-600x605.jpg",600,605,true],"woocommerce_gallery_thumbnail":["https:\/\/mansmagicas.com\/wp-content\/uploads\/2021\/01\/delica-generico-100x100.jpg",100,100,true],"variation_swatches_image_size":["https:\/\/mansmagicas.com\/wp-content\/uploads\/2021\/01\/delica-generico.jpg",50,50,false],"variation_swatches_tooltip_size":["https:\/\/mansmagicas.com\/wp-content\/uploads\/2021\/01\/delica-generico.jpg",100,100,false],"dgwt-wcas-product-suggestion":["https:\/\/mansmagicas.com\/wp-content\/uploads\/2021\/01\/delica-generico-64x65.jpg",64,65,true]},"uagb_author_info":{"display_name":"jajb1994@hotmail.com","author_link":"https:\/\/mansmagicas.com\/?author=0"},"uagb_comment_info":0,"uagb_excerpt":"Rocallas 11\/0 ideales para la confecci\u00f3n usando la t\u00e9cnica peyote. Trabajamos dos marcas Miyuki y Toho. Tejidos perfectos , cada rocalla es exactamente id\u00e9ntica a la otra.Se venden en envases de 5grs. Los colores pueden sufrir peque\u00f1as variaciones teniendo en cuenta las configuraciones de las diferentes pantallas","tiered_pricing_type":"fixed","tiered_pricing_fixed_rules":[],"tiered_pricing_product_settings":{"layout":"default","base_unit_name":{"singular":null,"plural":null},"default_variation":null},"tiered_pricing_minimum_quantity":null,"tiered_pricing_roles_data":[],"tiered_pricing_percentage_rules":[],"_links":{"self":[{"href":"https:\/\/mansmagicas.com\/index.php?rest_route=\/wp\/v2\/product\/10752","targetHints":{"allow":["GET"]}}],"collection":[{"href":"https:\/\/mansmagicas.com\/index.php?rest_route=\/wp\/v2\/product"}],"about":[{"href":"https:\/\/mansmagicas.com\/index.php?rest_route=\/wp\/v2\/types\/product"}],"wp:featuredmedia":[{"embeddable":true,"href":"https:\/\/mansmagicas.com\/index.php?rest_route=\/wp\/v2\/media\/17416"}],"wp:attachment":[{"href":"https:\/\/mansmagicas.com\/index.php?rest_route=%2Fwp%2Fv2%2Fmedia&parent=10752"}],"wp:term":[{"taxonomy":"product_brand","embeddable":true,"href":"https:\/\/mansmagicas.com\/index.php?rest_route=%2Fwp%2Fv2%2Fproduct_brand&post=10752"},{"taxonomy":"product_cat","embeddable":true,"href":"https:\/\/mansmagicas.com\/index.php?rest_route=%2Fwp%2Fv2%2Fproduct_cat&post=10752"},{"taxonomy":"product_tag","embeddable":true,"href":"https:\/\/mansmagicas.com\/index.php?rest_route=%2Fwp%2Fv2%2Fproduct_tag&post=10752"}],"curies":[{"name":"wp","href":"https:\/\/api.w.org\/{rel}","templated":true}]}}