{"id":10734,"date":"2021-01-26T18:12:44","date_gmt":"2021-01-26T18:12:44","guid":{"rendered":"http:\/\/mansmagicas.com\/?product=pulseras-cruz-con-cuero-pack-de-9-pulseras"},"modified":"2021-09-09T17:04:27","modified_gmt":"2021-09-09T17:04:27","slug":"pulseras-cruz-con-cuero-pack-de-9-pulseras","status":"publish","type":"product","link":"https:\/\/mansmagicas.com\/?product=pulseras-cruz-con-cuero-pack-de-9-pulseras","title":{"rendered":"Pulseras cruz con cuero PACK DE 9 PULSERAS plateada"},"content":{"rendered":"<p>9 pulseritas como las de la fotografia para los invitados de tus eventos<\/p>\n","protected":false},"excerpt":{"rendered":"<p>El pack contiene<br \/>\n9 pulseras hechas a mano con cruz y cord\u00f3n de cuero Llevan cierre regulable con lo que valen para cualquier tama\u00f1o de mu\u00f1eca<\/p>\n<p>Cada una va empaquetada por separado y con etiqueta personalizada para la ocasi\u00f3n. El empaquetado no incrementa el precio<\/p>\n<p>si te llevas 18 o m\u00e1s cada pulsera te costar\u00e1 a 2.50<\/p>\n<p>ponte en contacto con nosotros para indicarnos el color del cuero, nombre ,fecha del evento . A vuelta de correo te enviaremos los modelos de etiqueta para que elijas el que m\u00e1s guste. mansmagiques@gmail.com<\/p>\n","protected":false},"featured_media":15902,"template":"","meta":{"_uag_custom_page_level_css":"","site-sidebar-layout":"default","site-content-layout":"default","ast-site-content-layout":"default","site-content-style":"default","site-sidebar-style":"default","ast-global-header-display":"","ast-banner-title-visibility":"","ast-main-header-display":"","ast-hfb-above-header-display":"","ast-hfb-below-header-display":"","ast-hfb-mobile-header-display":"","site-post-title":"","ast-breadcrumbs-content":"","ast-featured-img":"","footer-sml-layout":"","ast-disable-related-posts":"","theme-transparent-header-meta":"default","adv-header-id-meta":"","stick-header-meta":"","header-above-stick-meta":"","header-main-stick-meta":"","header-below-stick-meta":"","astra-migrate-meta-layouts":"default","ast-page-background-enabled":"default","ast-page-background-meta":{"desktop":{"background-color":"","background-image":"","background-repeat":"repeat","background-position":"center center","background-size":"auto","background-attachment":"scroll","background-type":"","background-media":"","overlay-type":"","overlay-color":"","overlay-opacity":"","overlay-gradient":""},"tablet":{"background-color":"","background-image":"","background-repeat":"repeat","background-position":"center center","background-size":"auto","background-attachment":"scroll","background-type":"","background-media":"","overlay-type":"","overlay-color":"","overlay-opacity":"","overlay-gradient":""},"mobile":{"background-color":"","background-image":"","background-repeat":"repeat","background-position":"center center","background-size":"auto","background-attachment":"scroll","background-type":"","background-media":"","overlay-type":"","overlay-color":"","overlay-opacity":"","overlay-gradient":""}},"ast-content-background-meta":{"desktop":{"background-color":"var(--ast-global-color-5)","background-image":"","background-repeat":"repeat","background-position":"center center","background-size":"auto","background-attachment":"scroll","background-type":"","background-media":"","overlay-type":"","overlay-color":"","overlay-opacity":"","overlay-gradient":""},"tablet":{"background-color":"var(--ast-global-color-5)","background-image":"","background-repeat":"repeat","background-position":"center center","background-size":"auto","background-attachment":"scroll","background-type":"","background-media":"","overlay-type":"","overlay-color":"","overlay-opacity":"","overlay-gradient":""},"mobile":{"background-color":"var(--ast-global-color-5)","background-image":"","background-repeat":"repeat","background-position":"center center","background-size":"auto","background-attachment":"scroll","background-type":"","background-media":"","overlay-type":"","overlay-color":"","overlay-opacity":"","overlay-gradient":""}}},"product_brand":[],"product_cat":[257],"product_tag":[],"class_list":{"0":"post-10734","1":"product","2":"type-product","3":"status-publish","4":"has-post-thumbnail","6":"product_cat-detalles-celebraciones","7":"desktop-align-left","8":"tablet-align-left","9":"mobile-align-left","11":"first","12":"instock","13":"taxable","14":"shipping-taxable","15":"purchasable","16":"product-type-simple"},"uagb_featured_image_src":{"full":["https:\/\/mansmagicas.com\/wp-content\/uploads\/2021\/01\/Pulseras-cruz-plateada-y-cuerda.Pack-de-9-pulseras.jpg",600,600,false],"thumbnail":["https:\/\/mansmagicas.com\/wp-content\/uploads\/2021\/01\/Pulseras-cruz-plateada-y-cuerda.Pack-de-9-pulseras-150x150.jpg",150,150,true],"medium":["https:\/\/mansmagicas.com\/wp-content\/uploads\/2021\/01\/Pulseras-cruz-plateada-y-cuerda.Pack-de-9-pulseras-300x300.jpg",300,300,true],"medium_large":["https:\/\/mansmagicas.com\/wp-content\/uploads\/2021\/01\/Pulseras-cruz-plateada-y-cuerda.Pack-de-9-pulseras.jpg",600,600,false],"large":["https:\/\/mansmagicas.com\/wp-content\/uploads\/2021\/01\/Pulseras-cruz-plateada-y-cuerda.Pack-de-9-pulseras.jpg",600,600,false],"1536x1536":["https:\/\/mansmagicas.com\/wp-content\/uploads\/2021\/01\/Pulseras-cruz-plateada-y-cuerda.Pack-de-9-pulseras.jpg",600,600,false],"2048x2048":["https:\/\/mansmagicas.com\/wp-content\/uploads\/2021\/01\/Pulseras-cruz-plateada-y-cuerda.Pack-de-9-pulseras.jpg",600,600,false],"woocommerce_thumbnail":["https:\/\/mansmagicas.com\/wp-content\/uploads\/2021\/01\/Pulseras-cruz-plateada-y-cuerda.Pack-de-9-pulseras-300x300.jpg",300,300,true],"woocommerce_single":["https:\/\/mansmagicas.com\/wp-content\/uploads\/2021\/01\/Pulseras-cruz-plateada-y-cuerda.Pack-de-9-pulseras.jpg",600,600,false],"woocommerce_gallery_thumbnail":["https:\/\/mansmagicas.com\/wp-content\/uploads\/2021\/01\/Pulseras-cruz-plateada-y-cuerda.Pack-de-9-pulseras-100x100.jpg",100,100,true],"variation_swatches_image_size":["https:\/\/mansmagicas.com\/wp-content\/uploads\/2021\/01\/Pulseras-cruz-plateada-y-cuerda.Pack-de-9-pulseras.jpg",50,50,false],"variation_swatches_tooltip_size":["https:\/\/mansmagicas.com\/wp-content\/uploads\/2021\/01\/Pulseras-cruz-plateada-y-cuerda.Pack-de-9-pulseras.jpg",100,100,false],"dgwt-wcas-product-suggestion":["https:\/\/mansmagicas.com\/wp-content\/uploads\/2021\/01\/Pulseras-cruz-plateada-y-cuerda.Pack-de-9-pulseras-64x64.jpg",64,64,true]},"uagb_author_info":{"display_name":"jajb1994@hotmail.com","author_link":"https:\/\/mansmagicas.com\/?author=0"},"uagb_comment_info":0,"uagb_excerpt":"El pack contiene 9 pulseras hechas a mano con cruz y cord\u00f3n de cuero Llevan cierre regulable con lo que valen para cualquier tama\u00f1o de mu\u00f1eca Cada una va empaquetada por separado y con etiqueta personalizada para la ocasi\u00f3n. El empaquetado no incrementa el precio si te llevas 18 o m\u00e1s cada pulsera te costar\u00e1&hellip;","tiered_pricing_type":"fixed","tiered_pricing_fixed_rules":[],"tiered_pricing_product_settings":{"layout":"default","base_unit_name":{"singular":null,"plural":null},"default_variation":null},"tiered_pricing_minimum_quantity":null,"tiered_pricing_roles_data":[],"tiered_pricing_percentage_rules":[],"_links":{"self":[{"href":"https:\/\/mansmagicas.com\/index.php?rest_route=\/wp\/v2\/product\/10734","targetHints":{"allow":["GET"]}}],"collection":[{"href":"https:\/\/mansmagicas.com\/index.php?rest_route=\/wp\/v2\/product"}],"about":[{"href":"https:\/\/mansmagicas.com\/index.php?rest_route=\/wp\/v2\/types\/product"}],"wp:featuredmedia":[{"embeddable":true,"href":"https:\/\/mansmagicas.com\/index.php?rest_route=\/wp\/v2\/media\/15902"}],"wp:attachment":[{"href":"https:\/\/mansmagicas.com\/index.php?rest_route=%2Fwp%2Fv2%2Fmedia&parent=10734"}],"wp:term":[{"taxonomy":"product_brand","embeddable":true,"href":"https:\/\/mansmagicas.com\/index.php?rest_route=%2Fwp%2Fv2%2Fproduct_brand&post=10734"},{"taxonomy":"product_cat","embeddable":true,"href":"https:\/\/mansmagicas.com\/index.php?rest_route=%2Fwp%2Fv2%2Fproduct_cat&post=10734"},{"taxonomy":"product_tag","embeddable":true,"href":"https:\/\/mansmagicas.com\/index.php?rest_route=%2Fwp%2Fv2%2Fproduct_tag&post=10734"}],"curies":[{"name":"wp","href":"https:\/\/api.w.org\/{rel}","templated":true}]}}