{"id":19245,"date":"2024-03-19T11:32:14","date_gmt":"2024-03-19T11:32:14","guid":{"rendered":"https:\/\/mansmagicas.com\/?page_id=19245"},"modified":"2024-03-19T11:32:15","modified_gmt":"2024-03-19T11:32:15","slug":"politica-de-privacidad-y-cookies","status":"publish","type":"page","link":"https:\/\/mansmagicas.com\/?page_id=19245","title":{"rendered":"Pol\u00edtica de privacidad y cookies"},"content":{"rendered":"\n<ol class=\"has-normal-font-size wp-block-list\"><li>Ley 34\/2002, de 11 de julio, de Servicios de la Sociedad de la Informaci\u00f3n y de Comercio Electr\u00f3nico (LSSICE)<\/li><\/ol>\n\n\n\n<p class=\"has-normal-font-size\">En virtud de lo establecido en el <a href=\"https:\/\/www.boe.es\/buscar\/act.php?id=BOE-A-2002-13758&amp;p=20220713&amp;tn=1#a10\">art\u00edculo 10<\/a> de la <a href=\"https:\/\/www.boe.es\/buscar\/act.php?id=BOE-A-2002-13758\">Ley 34\/2002 de 11 de julio, de Servicios de la Sociedad de la Informaci\u00f3n y del Comercio Electr\u00f3nico<\/a> (LSSICE) se informa al usuario que el titular de esta p\u00e1gina web es Andrea Fabiana Bellocchio Pi\u00f1ero<strong>, <\/strong> cuyos datos identificativos constan en el presente aviso legal (apartado protecci\u00f3n datos personales).\u00a0<\/p>\n\n\n\n<ol start=\"2\" class=\"has-normal-font-size wp-block-list\"><li>Reglamento Europeo de Protecci\u00f3n de Datos Personales<\/li><\/ol>\n\n\n\n<h3 class=\"wp-block-heading\">\u00bfQui\u00e9n es el responsable del tratamiento de los datos personales recabados a trav\u00e9s de este sitio web?&nbsp;<\/h3>\n\n\n\n<p class=\"has-normal-font-size\">En cumplimiento de lo establecido por el <a href=\"https:\/\/www.boe.es\/doue\/2016\/119\/L00001-00088.pdf\">Reglamento (UE) 2016\/679<\/a>, del Parlamento Europeo y del Consejo, de 27 de abril de 2016, relativo a la protecci\u00f3n de los datos de las personas f\u00edsicas en lo que respecta al tratamiento de datos personales y a la libre circulaci\u00f3n de estos datos, as\u00ed como lo establecido en la <a href=\"https:\/\/www.boe.es\/buscar\/act.php?id=BOE-A-2018-16673\">Ley 3\/2018 de Protecci\u00f3n de Datos Personales y Garant\u00eda de los Derechos Digitales<\/a>, se informa a los usuarios de este sitio web que el responsable del tratamiento de sus datos es:&nbsp;<\/p>\n\n\n\n<ul class=\"has-normal-font-size wp-block-list\"><li>Denominaci\u00f3n comercial: www.mansmagicas.com<\/li><li>Titular : Andrea Fabiana Bellocchio Pi\u00f1ero<\/li><li>CIF: 78293659A<\/li><li>Domicilio fiscal: C\/ Antonio Garc\u00eda Campos, 35  3-2   Elche  (03201) Alicante.<\/li><\/ul>\n\n\n\n<p class=\"has-normal-font-size\">De acuerdo con lo establecido en la normativa europea de Protecci\u00f3n de datos personales, <strong>mansmagicas.com<\/strong>,\u00a0garantiza la protecci\u00f3n y confidencialidad de los datos personales proporcionados por los usuarios a trav\u00e9s de esta web, seg\u00fan lo establecido en la presente pol\u00edtica de protecci\u00f3n de datos, que debe haber aceptado en el formulario de contacto.<\/p>\n\n\n\n<ol class=\"has-large-font-size wp-block-list\"><li><strong>Pol\u00edtica de Cookies<\/strong><\/li><\/ol>\n\n\n\n<p class=\"has-normal-font-size\">En usa cookies propias y de terceros con el objetivo de lograr la <strong>mejor experiencia de usuario<\/strong> posible, implementar <strong>funcionalidades esenciales<\/strong> para su correcto funcionamiento y la obtenci\u00f3n de <strong>estad\u00edsticas de visitas an\u00f3nimas<\/strong> a la web y similares, vitales para la toma de decisiones en nuestro negocio.<br><br>Las cookies <strong>no permiten la recopilaci\u00f3n de informaci\u00f3n personal del usuario<\/strong>. Esto es una limitaci\u00f3n t\u00e9cnica impl\u00edcita a la tecnolog\u00eda de cookies, no algo peculiar de la implementaci\u00f3n de este sitio web.<\/p>\n\n\n\n<p class=\"has-normal-font-size\">Solamente permiten reconocer el mismo dispositivo de navegaci\u00f3n (ordenador, m\u00f3vil, etc.) cuando vuelve acceder a la web, pero sin poder conocer la identidad de su usuario.<\/p>\n\n\n\n<p class=\"has-normal-font-size\">Pr\u00e1cticamente todos los navegadores populares actuales permiten la <strong>configuraci\u00f3n<\/strong> de las pol\u00edticas descarga de cookies y es posible deshabilitarla por completo si el usuario as\u00ed lo decide.<\/p>\n\n\n\n<p class=\"has-normal-font-size\">Tal como se indica en el aviso de cookies, si conE<a href=\"https:\/\/www.boe.es\/buscar\/act.php?id=BOE-A-2002-13758&amp;p=20220713&amp;tn=1#a22\">rt\u00edculo 22.2<\/a> de la <a href=\"https:\/\/www.boe.es\/buscar\/act.php?id=BOE-A-2002-13758\">Ley 34\/2002 de Servicios de la Sociedad de la Informaci\u00f3n y Comercio Electr\u00f3nico<\/a>.<\/p>\n\n\n\n<ol start=\"2\" class=\"has-normal-font-size wp-block-list\"><li>Entidad responsable<\/li><\/ol>\n\n\n\n<p class=\"has-normal-font-size\">La entidad responsable de la recogida, procesamiento y utilizaci\u00f3n de sus datos personales es:<\/p>\n\n\n\n<ul class=\"has-normal-font-size wp-block-list\"><li>Denominaci\u00f3n comercial: www.mansmagicas.com<\/li><li>Titular : Andrea Fabiana Bellocchio Pi\u00f1ero<\/li><li>CIF: 78293659A<\/li><li>Domicilio fiscal: C\/ Antonio Garc\u00eda Campos, 35  3-2   Elche  (03201) Alicante.<\/li><\/ul>\n\n\n\n<ol start=\"3\" class=\"has-medium-font-size wp-block-list\"><li>\u00bfQu\u00e9 son las cookies?<\/li><\/ol>\n\n\n\n<p class=\"has-normal-font-size\">Las cookies son un conjunto de datos que un servidor deposita en el navegador del usuario que permite reconocer el dispositivo en cuesti\u00f3n (ordenador, m\u00f3vil, etc.).<\/p>\n\n\n\n<p class=\"has-normal-font-size\">Pr\u00e1cticamente la totalidad de las webs usan cookies ya que permiten a las p\u00e1ginas funcionar de manera m\u00e1s eficiente y conseguir una mayor personalizaci\u00f3n y an\u00e1lisis sobre el comportamiento del usuario.<\/p>\n\n\n\n<p class=\"has-normal-font-size\">Las cookies <strong>no permiten la identificaci\u00f3n y recopilaci\u00f3n de datos personales del usuario<\/strong>, solamente reconocer un dispositivo que haya accedido con anterioridad a la web en cuesti\u00f3n.<\/p>\n\n\n\n<p class=\"has-normal-font-size\">Para poder reconocer la identidad del usuario, es necesario que \u00e9ste se <strong>registre<\/strong> expresamente en la web y que proporcione expresamente su informaci\u00f3n personal tal como ocurre en los servicios online de todo tipo (banca, comercio electr\u00f3nico, proveedores, etc.).<\/p>\n\n\n\n<p class=\"has-normal-font-size\">Si el usuario <strong>no cierra la sesi\u00f3n<\/strong>, al poder reconocer con la cookie el dispositivo con el que el usuario se registr\u00f3 inicialmente, se puede reconocer indirectamente al usuario. No obstante, <strong>en rigor<\/strong>, lo que se sigue reconociendo en este caso <strong>sigue siendo el dispositivo, no el usuario<\/strong>.<\/p>\n\n\n\n<p class=\"has-normal-font-size\">Esto se ve claro si se piensa en el caso de <strong>una persona diferente a la que hizo el registro<\/strong> y que utiliza ese mismo dispositivo m\u00e1s tarde para acceder a la misma web.<\/p>\n\n\n\n<p class=\"has-normal-font-size\">La web <strong>no puede saber t\u00e9cnicamente si el usuario es el mismo u otro diferente<\/strong> y el problema de seguridad ocurre realmente <strong>a nivel del propio usuario<\/strong> (dejar acceder a otra persona un dispositivo con informaci\u00f3n confidencial a suya).<\/p>\n\n\n\n<p class=\"has-normal-font-size\">Este escenario, en el mundo f\u00edsico ser\u00eda muy similar, por ejemplo, a dejar las llaves de la casa a otra persona. Si esto ocurre, no cabe reclamar la responsabilidad a terceros como lo podr\u00eda ser, por ejemplo, el arrendador.<\/p>\n\n\n\n<ol start=\"4\" class=\"has-normal-font-size wp-block-list\"><li>Cookies utilizadas en esta web<\/li><\/ol>\n\n\n\n<p class=\"has-normal-font-size\">A continuaci\u00f3n, se listan las cookies concretas utilizadas por esta web:<\/p>\n\n\n\n<h3 class=\"wp-block-heading\">Cookies propias<\/h3>\n\n\n\n<p>Las cookies propias en esta web con las siguientes:<\/p>\n\n\n\n<figure class=\"wp-block-table\"><table><tbody><tr><td><strong>Nombre<\/strong><\/td><td><strong>Tipo<\/strong><\/td><td><strong>Caducidad<\/strong><\/td><td><strong>Finalidad<\/strong><\/td><td><strong>Clase<\/strong><\/td><\/tr><tr><td><strong>PHPSESSID<\/strong><\/td><td>Propia<\/td><td>Fin de sesi\u00f3n<\/td><td>Distinguir a los usuarios<\/td><td>No exenta<\/td><\/tr><tr><td><strong>wevarnishpass<\/strong><\/td><td>Propia<\/td><td>1 hora<\/td><td>Sistema cach\u00e9 en servidor para acelerar la web<\/td><td>No exenta<\/td><\/tr><\/tbody><\/table><\/figure>\n\n\n\n<h3 class=\"wp-block-heading\">Cookies de terceros<\/h3>\n\n\n\n<p class=\"has-normal-font-size\">Esta web utiliza tambi\u00e9n cookies de terceros y contiene enlaces que llevan a otras webs que, a su vez, son fuente de sus propias cookies y las de terceros.<\/p>\n\n\n\n<p class=\"has-normal-font-size\">Las cookies de terceros usadas en esta web son las siguientes:<\/p>\n\n\n\n<figure class=\"wp-block-table\"><table><tbody><tr><td><strong>Nombre<\/strong><\/td><td><strong>Tipo<\/strong><\/td><td><strong>Caducidad<\/strong><\/td><td><strong>Finalidad<\/strong><\/td><td><strong>Clase<\/strong><\/td><\/tr><tr><td><strong>_ga<\/strong><\/td><td>Google Analytics<\/td><td>2 a\u00f1os<\/td><td>Distinguir a los usuarios<\/td><td>No exenta<\/td><\/tr><tr><td><strong>_gid<\/strong><\/td><td>Google Analytics<\/td><td>24 horas<\/td><td>Distinguir a los usuarios<\/td><td>No exenta<\/td><\/tr><tr><td><strong>_ga_&lt;container-id&gt;<\/strong><\/td><td>Google Analytics<\/td><td>2 a\u00f1os<\/td><td>Mantener el estado de la sesi\u00f3n<\/td><td>No exenta<\/td><\/tr><tr><td><strong>_gac_gb_&lt;container-id&gt;<\/strong><\/td><td>Google Analytics<\/td><td>90 d\u00edas<\/td><td>Informaci\u00f3n de publicidad<\/td><td>No exenta<\/td><\/tr><tr><td><strong>IDE<\/strong><\/td><td>YouTube<\/td><td>1 a\u00f1os<\/td><td>Gesti\u00f3n de la publicidad dentro de los v\u00eddeos YouTube<\/td><td>No exenta<\/td><\/tr><\/tbody><\/table><\/figure>\n\n\n\n<p class=\"has-normal-font-size\">A continuaci\u00f3n, se enumeran los diferentes tipos de cookies de terceros y sus caracter\u00edsticas.<\/p>\n\n\n\n<h5 class=\"wp-block-heading\">Reproductores multimedia<\/h5>\n\n\n\n<p class=\"has-normal-font-size\">La web mansmagicas.com utiliza en ocasiones contenidos audio y video propios y de terceros mediante reproductores populares tales como Youtube, Vimeo, SoundCloud, iVoox y otros similares.<\/p>\n\n\n\n<p class=\"has-normal-font-size\">Estos reproductores pueden dejar cookies en el sitio que los embebe para cuestiones como los anuncios de publicidad online mostrada por el reproductor o para almacenar y recuperar preferencias del usuario en el uso de estos reproductores.<\/p>\n\n\n\n<h5 class=\"wp-block-heading\">Cookies de publicidad online<\/h5>\n\n\n\n<p class=\"has-normal-font-size\">Este sitio no publica anuncios online en sus contenidos los cuales utilizan habitualmente cookies para la optimizaci\u00f3n de los anuncios mostrados al usuario.<\/p>\n\n\n\n<p class=\"has-normal-font-size\">No obstante, como consecuencia de utilizar reproductores multimedia embebidos como el reproductor de YouTube, por ejemplo, las cookies de las plataformas de publicidad online usadas por estos sitios se instalar\u00e1n tambi\u00e9n al visitar <strong>mansmagicas.com<\/strong>. Estas cookies se pueden consultar en la tabla de cookies de esta p\u00e1gina.<\/p>\n\n\n\n<h5 class=\"wp-block-heading\">Cookies de redes sociales<\/h5>\n\n\n\n<p class=\"has-normal-font-size\">Los plugins para la creaci\u00f3n de botones de redes sociales y elementos similares relacionados con las mismas pueden generar cookies de estas terceras partes. En esta web este tipo de elementos son de implementaci\u00f3n propia y no generan cookies en su funcionamiento.<\/p>\n\n\n\n<h3 class=\"wp-block-heading\">Cambios en las cookies utilizadas<\/h3>\n\n\n\n<p class=\"has-normal-font-size\">Dado que la lista aqu\u00ed presentada de cookies puede variar ligeramente por cambios en las herramientas usadas, especialmente en el caso de terceros (el reproductor de YouTube, etc.), por favor, consulte la lista actualizada de cookies en las preferencias del aviso de cookies.<\/p>\n","protected":false},"excerpt":{"rendered":"<p>Ley 34\/2002, de 11 de julio, de Servicios de la Sociedad de la Informaci\u00f3n y de Comercio Electr\u00f3nico (LSSICE) En virtud de lo establecido en el art\u00edculo 10 de la Ley 34\/2002 de 11 de julio, de Servicios de la Sociedad de la Informaci\u00f3n y del Comercio Electr\u00f3nico (LSSICE) se informa al usuario que el [&hellip;]<\/p>\n","protected":false},"author":1,"featured_media":0,"parent":0,"menu_order":0,"comment_status":"closed","ping_status":"closed","template":"","meta":{"_uag_custom_page_level_css":"","site-sidebar-layout":"default","site-content-layout":"","ast-site-content-layout":"default","site-content-style":"default","site-sidebar-style":"default","ast-global-header-display":"","ast-banner-title-visibility":"","ast-main-header-display":"","ast-hfb-above-header-display":"","ast-hfb-below-header-display":"","ast-hfb-mobile-header-display":"","site-post-title":"","ast-breadcrumbs-content":"","ast-featured-img":"","footer-sml-layout":"","ast-disable-related-posts":"","theme-transparent-header-meta":"","adv-header-id-meta":"","stick-header-meta":"","header-above-stick-meta":"","header-main-stick-meta":"","header-below-stick-meta":"","astra-migrate-meta-layouts":"set","ast-page-background-enabled":"default","ast-page-background-meta":{"desktop":{"background-color":"","background-image":"","background-repeat":"repeat","background-position":"center center","background-size":"auto","background-attachment":"scroll","background-type":"","background-media":"","overlay-type":"","overlay-color":"","overlay-opacity":"","overlay-gradient":""},"tablet":{"background-color":"","background-image":"","background-repeat":"repeat","background-position":"center center","background-size":"auto","background-attachment":"scroll","background-type":"","background-media":"","overlay-type":"","overlay-color":"","overlay-opacity":"","overlay-gradient":""},"mobile":{"background-color":"","background-image":"","background-repeat":"repeat","background-position":"center center","background-size":"auto","background-attachment":"scroll","background-type":"","background-media":"","overlay-type":"","overlay-color":"","overlay-opacity":"","overlay-gradient":""}},"ast-content-background-meta":{"desktop":{"background-color":"var(--ast-global-color-5)","background-image":"","background-repeat":"repeat","background-position":"center center","background-size":"auto","background-attachment":"scroll","background-type":"","background-media":"","overlay-type":"","overlay-color":"","overlay-opacity":"","overlay-gradient":""},"tablet":{"background-color":"var(--ast-global-color-5)","background-image":"","background-repeat":"repeat","background-position":"center center","background-size":"auto","background-attachment":"scroll","background-type":"","background-media":"","overlay-type":"","overlay-color":"","overlay-opacity":"","overlay-gradient":""},"mobile":{"background-color":"var(--ast-global-color-5)","background-image":"","background-repeat":"repeat","background-position":"center center","background-size":"auto","background-attachment":"scroll","background-type":"","background-media":"","overlay-type":"","overlay-color":"","overlay-opacity":"","overlay-gradient":""}},"footnotes":""},"class_list":["post-19245","page","type-page","status-publish","hentry"],"uagb_featured_image_src":{"full":false,"thumbnail":false,"medium":false,"medium_large":false,"large":false,"1536x1536":false,"2048x2048":false,"woocommerce_thumbnail":false,"woocommerce_single":false,"woocommerce_gallery_thumbnail":false,"variation_swatches_image_size":false,"variation_swatches_tooltip_size":false,"dgwt-wcas-product-suggestion":false},"uagb_author_info":{"display_name":"jajb1994@hotmail.com","author_link":"https:\/\/mansmagicas.com\/?author=1"},"uagb_comment_info":0,"uagb_excerpt":"Ley 34\/2002, de 11 de julio, de Servicios de la Sociedad de la Informaci\u00f3n y de Comercio Electr\u00f3nico (LSSICE) En virtud de lo establecido en el art\u00edculo 10 de la Ley 34\/2002 de 11 de julio, de Servicios de la Sociedad de la Informaci\u00f3n y del Comercio Electr\u00f3nico (LSSICE) se informa al usuario que el&hellip;","_links":{"self":[{"href":"https:\/\/mansmagicas.com\/index.php?rest_route=\/wp\/v2\/pages\/19245","targetHints":{"allow":["GET"]}}],"collection":[{"href":"https:\/\/mansmagicas.com\/index.php?rest_route=\/wp\/v2\/pages"}],"about":[{"href":"https:\/\/mansmagicas.com\/index.php?rest_route=\/wp\/v2\/types\/page"}],"author":[{"embeddable":true,"href":"https:\/\/mansmagicas.com\/index.php?rest_route=\/wp\/v2\/users\/1"}],"replies":[{"embeddable":true,"href":"https:\/\/mansmagicas.com\/index.php?rest_route=%2Fwp%2Fv2%2Fcomments&post=19245"}],"version-history":[{"count":1,"href":"https:\/\/mansmagicas.com\/index.php?rest_route=\/wp\/v2\/pages\/19245\/revisions"}],"predecessor-version":[{"id":19246,"href":"https:\/\/mansmagicas.com\/index.php?rest_route=\/wp\/v2\/pages\/19245\/revisions\/19246"}],"wp:attachment":[{"href":"https:\/\/mansmagicas.com\/index.php?rest_route=%2Fwp%2Fv2%2Fmedia&parent=19245"}],"curies":[{"name":"wp","href":"https:\/\/api.w.org\/{rel}","templated":true}]}}