{"id":19203,"date":"2024-03-18T12:02:26","date_gmt":"2024-03-18T12:02:26","guid":{"rendered":"https:\/\/mansmagicas.com\/?page_id=19203"},"modified":"2024-03-20T18:33:04","modified_gmt":"2024-03-20T18:33:04","slug":"aviso-legal","status":"publish","type":"page","link":"https:\/\/mansmagicas.com\/?page_id=19203","title":{"rendered":"Aviso Legal"},"content":{"rendered":"\n<p>En el presente Aviso Legal, el Usuario, podr\u00e1 encontrar toda la informaci\u00f3n relativa a las condiciones legales que definen las relaciones entre los usuarios y el responsable de la p\u00e1gina web&nbsp;<strong>www.mansmagicas.com<\/strong><\/p>\n\n\n\n<p>La utilizaci\u00f3n del sitio web implica la aceptaci\u00f3n plena y sin reservas de todas y cada una de las disposiciones incluidas en este Aviso Legal.<\/p>\n\n\n\n<p>1.-&nbsp;<strong>DATOS DEL RESPONSABLE TITULAR DEL SITIO WEB<\/strong><\/p>\n\n\n\n<p>Nombre del titular:<strong> Andrea Fabiana Bellocchio Pi\u00f1ero<\/strong><\/p>\n\n\n\n<p>Domicilio legal: C\/Antonio Garc\u00eda Campos 35, 3-2  Elche (03201)<\/p>\n\n\n\n<p>C.I.F.\/ N.I.F.: 78293659A<\/p>\n\n\n\n<p>Tel\u00e9fono: +34&nbsp;966 229 181<\/p>\n\n\n\n<p>Correo electr\u00f3nico:&nbsp;<a href=\"mailto:info@mansmagicas.com\" target=\"_blank\" rel=\"noreferrer noopener\">info@mansmagicas.com<\/a><\/p>\n\n\n\n<p>Andrea F. Bellocchio Pi\u00f1ero  es la responsable del Sitio Web  <a href=\"http:\/\/mansmagicas.com\">http:\/\/mansmagicas.com<\/a><strong>&nbsp;<\/strong>y se compromete a cumplir con todos los requisitos nacionales y europeos que regulan el uso de los datos personales de los usuarios.<\/p>\n\n\n\n<pre class=\"wp-block-preformatted has-white-background-color has-background\" style=\"font-size:15px\">Este Sitio Web&nbsp;<strong>www.mansmagicas.com&nbsp;<\/strong>garantiza la protecci\u00f3n y confidencialidad de los datos personales que nos proporcionen sus usuarios, de acuerdo con lo dispuesto en el Reglamento General de Protecci\u00f3n de Datos de Car\u00e1cter Personal (UE) 2016\/679 del Parlamento Europeo y del Consejo, de 27 de abril de 2016,&nbsp;en la Ley Org\u00e1nica 3\/2018, de Protecci\u00f3n de Datos Personales y garant\u00eda de los derechos digitales, y la Ley de Servicios de la Sociedad de la Informaci\u00f3n y Comercio Electr\u00f3nico 34\/2002 de 11 de Julio (LSSI-CE)<\/pre>\n\n\n\n<ol start=\"2\" class=\"has-medium-font-size wp-block-list\"><li>Propiedad Intelectual<br><\/li><\/ol>\n\n\n\n<pre class=\"wp-block-preformatted has-white-background-color has-background\">Todos los contenidos del sitio web <strong>www.mansmagicas.com<\/strong>, ya sean fotograf\u00edas, im\u00e1genes, dibujos, textos, audio, video, animaciones, software, c\u00f3digos fuente, logotipos y dise\u00f1o, est\u00e1n protegidos por la normativa de Propiedad Intelectual e Industrial, en particular por el Real Decreto Legislativo 1\/1996 que aprueba el Texto Refundido de la Ley de Propiedad Intelectual y por la Ley 17\/2001, de Marcas.\nLos derechos sobre los contenidos pertenecen a\u00a0<strong>Andrea F. Bellocchio Pi\u00f1ero<\/strong> o, en su caso, a terceros. .En ning\u00fan caso el acceso a <strong>www.mansmagicas.com <\/strong>implica cesi\u00f3n, transmisi\u00f3n o cualquier otro tipo de renuncia ni total ni parcial, de los derechos de Propiedad Intelectual o Industrial.\nEl usuario del sitio web deber\u00e1 abstenerse de suprimir, alterar, eludir o manipular cualquiera de los dispositivos de protecci\u00f3n o sistemas de seguridad que puedan estar instalados en la misma.\nNo se permite la reproducci\u00f3n y\/o publicaci\u00f3n, total o parcial, del sitio web, ni su tratamiento inform\u00e1tico, o su distribuci\u00f3n, su difusi\u00f3n, su reventa, su transformaci\u00f3n u otra actividad realizable con los contenidos de sus p\u00e1ginas web, ni aun citando las fuentes utilizadas sin el permiso previo y por escrito del mismo por <strong> <strong>Andrea F. Bellocchio Pi\u00f1ero<\/strong> <\/strong>, dando lugar a la responsabilidad establecida legalmente.\nEl usuario, \u00fanica y exclusivamente, puede utilizar el material que aparezca en este sitio web para su uso personal y privado, quedando prohibido su uso con fines comerciales. Todos los derechos derivados de la propiedad intelectual est\u00e1n expresamente reservados por\u00a0 <strong>Andrea F. Bellocchio Pi\u00f1ero<\/strong>  ejercitando todas las acciones civiles y penales que le correspondan en el caso de infracci\u00f3n o incumplimiento de estos derechos por parte del usuario.<\/pre>\n\n\n\n<h5 class=\"has-medium-font-size wp-block-heading\"><strong>3. Menciones<\/strong><\/h5>\n\n\n\n<pre id=\"block-d864b46b-f16d-46df-a104-a6f75bc216b7\" class=\"wp-block-preformatted\">Agradecemos el dise\u00f1o de iconos de &lt;a href=\"https:\/\/www.flaticon.es\/iconos-gratis\/vender\" title=\"vender iconos\"&gt;Vender iconos creados por srip - Flaticon&lt;\/a&gt; <\/pre>\n\n\n\n<p><\/p>\n","protected":false},"excerpt":{"rendered":"<p>En el presente Aviso Legal, el Usuario, podr\u00e1 encontrar toda la informaci\u00f3n relativa a las condiciones legales que definen las relaciones entre los usuarios y el responsable de la p\u00e1gina web&nbsp;www.mansmagicas.com La utilizaci\u00f3n del sitio web implica la aceptaci\u00f3n plena y sin reservas de todas y cada una de las disposiciones incluidas en este Aviso [&hellip;]<\/p>\n","protected":false},"author":1,"featured_media":0,"parent":0,"menu_order":0,"comment_status":"closed","ping_status":"closed","template":"","meta":{"_uag_custom_page_level_css":"","site-sidebar-layout":"default","site-content-layout":"","ast-site-content-layout":"default","site-content-style":"default","site-sidebar-style":"default","ast-global-header-display":"","ast-banner-title-visibility":"","ast-main-header-display":"","ast-hfb-above-header-display":"","ast-hfb-below-header-display":"","ast-hfb-mobile-header-display":"","site-post-title":"","ast-breadcrumbs-content":"","ast-featured-img":"","footer-sml-layout":"","ast-disable-related-posts":"","theme-transparent-header-meta":"","adv-header-id-meta":"","stick-header-meta":"","header-above-stick-meta":"","header-main-stick-meta":"","header-below-stick-meta":"","astra-migrate-meta-layouts":"set","ast-page-background-enabled":"default","ast-page-background-meta":{"desktop":{"background-color":"","background-image":"","background-repeat":"repeat","background-position":"center center","background-size":"auto","background-attachment":"scroll","background-type":"","background-media":"","overlay-type":"","overlay-color":"","overlay-opacity":"","overlay-gradient":""},"tablet":{"background-color":"","background-image":"","background-repeat":"repeat","background-position":"center center","background-size":"auto","background-attachment":"scroll","background-type":"","background-media":"","overlay-type":"","overlay-color":"","overlay-opacity":"","overlay-gradient":""},"mobile":{"background-color":"","background-image":"","background-repeat":"repeat","background-position":"center center","background-size":"auto","background-attachment":"scroll","background-type":"","background-media":"","overlay-type":"","overlay-color":"","overlay-opacity":"","overlay-gradient":""}},"ast-content-background-meta":{"desktop":{"background-color":"var(--ast-global-color-5)","background-image":"","background-repeat":"repeat","background-position":"center center","background-size":"auto","background-attachment":"scroll","background-type":"","background-media":"","overlay-type":"","overlay-color":"","overlay-opacity":"","overlay-gradient":""},"tablet":{"background-color":"var(--ast-global-color-5)","background-image":"","background-repeat":"repeat","background-position":"center center","background-size":"auto","background-attachment":"scroll","background-type":"","background-media":"","overlay-type":"","overlay-color":"","overlay-opacity":"","overlay-gradient":""},"mobile":{"background-color":"var(--ast-global-color-5)","background-image":"","background-repeat":"repeat","background-position":"center center","background-size":"auto","background-attachment":"scroll","background-type":"","background-media":"","overlay-type":"","overlay-color":"","overlay-opacity":"","overlay-gradient":""}},"footnotes":""},"class_list":["post-19203","page","type-page","status-publish","hentry"],"uagb_featured_image_src":{"full":false,"thumbnail":false,"medium":false,"medium_large":false,"large":false,"1536x1536":false,"2048x2048":false,"woocommerce_thumbnail":false,"woocommerce_single":false,"woocommerce_gallery_thumbnail":false,"variation_swatches_image_size":false,"variation_swatches_tooltip_size":false,"dgwt-wcas-product-suggestion":false},"uagb_author_info":{"display_name":"jajb1994@hotmail.com","author_link":"https:\/\/mansmagicas.com\/?author=1"},"uagb_comment_info":0,"uagb_excerpt":"En el presente Aviso Legal, el Usuario, podr\u00e1 encontrar toda la informaci\u00f3n relativa a las condiciones legales que definen las relaciones entre los usuarios y el responsable de la p\u00e1gina web&nbsp;www.mansmagicas.com La utilizaci\u00f3n del sitio web implica la aceptaci\u00f3n plena y sin reservas de todas y cada una de las disposiciones incluidas en este Aviso&hellip;","_links":{"self":[{"href":"https:\/\/mansmagicas.com\/index.php?rest_route=\/wp\/v2\/pages\/19203","targetHints":{"allow":["GET"]}}],"collection":[{"href":"https:\/\/mansmagicas.com\/index.php?rest_route=\/wp\/v2\/pages"}],"about":[{"href":"https:\/\/mansmagicas.com\/index.php?rest_route=\/wp\/v2\/types\/page"}],"author":[{"embeddable":true,"href":"https:\/\/mansmagicas.com\/index.php?rest_route=\/wp\/v2\/users\/1"}],"replies":[{"embeddable":true,"href":"https:\/\/mansmagicas.com\/index.php?rest_route=%2Fwp%2Fv2%2Fcomments&post=19203"}],"version-history":[{"count":7,"href":"https:\/\/mansmagicas.com\/index.php?rest_route=\/wp\/v2\/pages\/19203\/revisions"}],"predecessor-version":[{"id":19693,"href":"https:\/\/mansmagicas.com\/index.php?rest_route=\/wp\/v2\/pages\/19203\/revisions\/19693"}],"wp:attachment":[{"href":"https:\/\/mansmagicas.com\/index.php?rest_route=%2Fwp%2Fv2%2Fmedia&parent=19203"}],"curies":[{"name":"wp","href":"https:\/\/api.w.org\/{rel}","templated":true}]}}